{"id":1255,"date":"2025-05-05T20:11:04","date_gmt":"2025-05-05T20:11:04","guid":{"rendered":"https:\/\/coopebombas.com\/nuevo_sitio_coopebombas\/?page_id=1255"},"modified":"2025-09-12T13:56:24","modified_gmt":"2025-09-12T13:56:24","slug":"comercializadora-de-taxis","status":"publish","type":"page","link":"https:\/\/coopebombas.com\/nuevo_sitio_coopebombas\/comercializadora-de-taxis\/","title":{"rendered":"Comercializadora de taxis"},"content":{"rendered":"\t\t<div data-elementor-type=\"wp-page\" data-elementor-id=\"1255\" class=\"elementor elementor-1255\" data-elementor-post-type=\"page\">\n\t\t\t\t<div class=\"elementor-element elementor-element-842678c e-flex e-con-boxed e-con e-parent\" data-id=\"842678c\" data-element_type=\"container\" data-e-type=\"container\" data-settings=\"{&quot;background_background&quot;:&quot;gradient&quot;,&quot;shape_divider_bottom&quot;:&quot;waves&quot;}\">\n\t\t\t\t\t<div class=\"e-con-inner\">\n\t\t\t\t<div class=\"elementor-shape elementor-shape-bottom\" aria-hidden=\"true\" data-negative=\"false\">\n\t\t\t<svg xmlns=\"http:\/\/www.w3.org\/2000\/svg\" viewBox=\"0 0 1000 100\" preserveAspectRatio=\"none\">\n\t<path class=\"elementor-shape-fill\" d=\"M421.9,6.5c22.6-2.5,51.5,0.4,75.5,5.3c23.6,4.9,70.9,23.5,100.5,35.7c75.8,32.2,133.7,44.5,192.6,49.7\n\tc23.6,2.1,48.7,3.5,103.4-2.5c54.7-6,106.2-25.6,106.2-25.6V0H0v30.3c0,0,72,32.6,158.4,30.5c39.2-0.7,92.8-6.7,134-22.4\n\tc21.2-8.1,52.2-18.2,79.7-24.2C399.3,7.9,411.6,7.5,421.9,6.5z\"\/>\n<\/svg>\t\t<\/div>\n\t\t\t\t<div class=\"elementor-element elementor-element-4ea1cac elementor-widget elementor-widget-heading\" data-id=\"4ea1cac\" data-element_type=\"widget\" data-e-type=\"widget\" data-widget_type=\"heading.default\">\n\t\t\t\t<div class=\"elementor-widget-container\">\n\t\t\t\t\t<h2 class=\"elementor-heading-title elementor-size-default\">Comercializadora de taxis<\/h2>\t\t\t\t<\/div>\n\t\t\t\t<\/div>\n\t\t\t\t\t<\/div>\n\t\t\t\t<\/div>\n\t\t<div class=\"elementor-element elementor-element-795565b e-flex e-con-boxed e-con e-parent\" data-id=\"795565b\" data-element_type=\"container\" data-e-type=\"container\" data-settings=\"{&quot;background_background&quot;:&quot;classic&quot;}\">\n\t\t\t\t\t<div class=\"e-con-inner\">\n\t\t<div class=\"elementor-element elementor-element-149e7b9 e-con-full e-flex e-con e-child\" data-id=\"149e7b9\" data-element_type=\"container\" data-e-type=\"container\">\n\t\t\t\t<div class=\"elementor-element elementor-element-6615ee1 elementor-widget elementor-widget-image\" data-id=\"6615ee1\" data-element_type=\"widget\" data-e-type=\"widget\" data-settings=\"{&quot;motion_fx_translateY_effect&quot;:&quot;yes&quot;,&quot;motion_fx_translateY_direction&quot;:&quot;negative&quot;,&quot;motion_fx_translateY_speed&quot;:{&quot;unit&quot;:&quot;px&quot;,&quot;size&quot;:&quot;1&quot;,&quot;sizes&quot;:[]},&quot;motion_fx_motion_fx_scrolling&quot;:&quot;yes&quot;,&quot;motion_fx_translateY_affectedRange&quot;:{&quot;unit&quot;:&quot;%&quot;,&quot;size&quot;:&quot;&quot;,&quot;sizes&quot;:{&quot;start&quot;:0,&quot;end&quot;:100}},&quot;motion_fx_devices&quot;:[&quot;desktop&quot;,&quot;tablet&quot;,&quot;mobile&quot;]}\" data-widget_type=\"image.default\">\n\t\t\t\t<div class=\"elementor-widget-container\">\n\t\t\t\t\t\t\t\t\t\t\t\t\t\t\t<img fetchpriority=\"high\" decoding=\"async\" width=\"1920\" height=\"1080\" src=\"https:\/\/coopebombas.com\/nuevo_sitio_coopebombas\/wp-content\/uploads\/2025\/04\/631A6978.00_00_10_20.Imagen-fija002.jpg\" class=\"attachment-full size-full wp-image-5745\" alt=\"\" srcset=\"https:\/\/coopebombas.com\/nuevo_sitio_coopebombas\/wp-content\/uploads\/2025\/04\/631A6978.00_00_10_20.Imagen-fija002.jpg 1920w, https:\/\/coopebombas.com\/nuevo_sitio_coopebombas\/wp-content\/uploads\/2025\/04\/631A6978.00_00_10_20.Imagen-fija002-300x169.jpg 300w, https:\/\/coopebombas.com\/nuevo_sitio_coopebombas\/wp-content\/uploads\/2025\/04\/631A6978.00_00_10_20.Imagen-fija002-1024x576.jpg 1024w, https:\/\/coopebombas.com\/nuevo_sitio_coopebombas\/wp-content\/uploads\/2025\/04\/631A6978.00_00_10_20.Imagen-fija002-768x432.jpg 768w, https:\/\/coopebombas.com\/nuevo_sitio_coopebombas\/wp-content\/uploads\/2025\/04\/631A6978.00_00_10_20.Imagen-fija002-1536x864.jpg 1536w\" sizes=\"(max-width: 1920px) 100vw, 1920px\" \/>\t\t\t\t\t\t\t\t\t\t\t\t\t\t\t<\/div>\n\t\t\t\t<\/div>\n\t\t\t\t<\/div>\n\t\t<div class=\"elementor-element elementor-element-06243ae e-con-full e-flex e-con e-child\" data-id=\"06243ae\" data-element_type=\"container\" data-e-type=\"container\">\n\t\t\t\t<div class=\"elementor-element elementor-element-3e48cab elementor-widget elementor-widget-heading\" data-id=\"3e48cab\" data-element_type=\"widget\" data-e-type=\"widget\" data-widget_type=\"heading.default\">\n\t\t\t\t<div class=\"elementor-widget-container\">\n\t\t\t\t\t<h2 class=\"elementor-heading-title elementor-size-default\">Comercializadora de taxis<\/h2>\t\t\t\t<\/div>\n\t\t\t\t<\/div>\n\t\t\t\t<div class=\"elementor-element elementor-element-1d89d64 elementor-widget elementor-widget-text-editor\" data-id=\"1d89d64\" data-element_type=\"widget\" data-e-type=\"widget\" data-widget_type=\"text-editor.default\">\n\t\t\t\t<div class=\"elementor-widget-container\">\n\t\t\t\t\t\t\t\t\t<p class=\"p1\">Te asesoramos en todo lo relacionado con la compra y venta de Taxis nuevos o usados, cr\u00e9ditos con entidades financieras y realizamos todos los tr\u00e1mites ante el tr\u00e1nsito. M\u00e1s informaci\u00f3n: <b>604 480 56 68<\/b>.<\/p>\t\t\t\t\t\t\t\t<\/div>\n\t\t\t\t<\/div>\n\t\t\t\t<\/div>\n\t\t\t\t\t<\/div>\n\t\t\t\t<\/div>\n\t\t\t\t<\/div>\n\t\t","protected":false},"excerpt":{"rendered":"<p>Comercializadora de taxis Comercializadora de taxis Te asesoramos en todo lo relacionado con la compra y venta de Taxis nuevos o usados, cr\u00e9ditos con entidades financieras y realizamos todos los tr\u00e1mites ante el tr\u00e1nsito. M\u00e1s informaci\u00f3n: 604 480 56 68.<\/p>\n","protected":false},"author":1,"featured_media":7758,"parent":0,"menu_order":0,"comment_status":"closed","ping_status":"closed","template":"elementor_header_footer","meta":{"footnotes":""},"class_list":["post-1255","page","type-page","status-publish","has-post-thumbnail","hentry"],"_links":{"self":[{"href":"https:\/\/coopebombas.com\/nuevo_sitio_coopebombas\/wp-json\/wp\/v2\/pages\/1255","targetHints":{"allow":["GET"]}}],"collection":[{"href":"https:\/\/coopebombas.com\/nuevo_sitio_coopebombas\/wp-json\/wp\/v2\/pages"}],"about":[{"href":"https:\/\/coopebombas.com\/nuevo_sitio_coopebombas\/wp-json\/wp\/v2\/types\/page"}],"author":[{"embeddable":true,"href":"https:\/\/coopebombas.com\/nuevo_sitio_coopebombas\/wp-json\/wp\/v2\/users\/1"}],"replies":[{"embeddable":true,"href":"https:\/\/coopebombas.com\/nuevo_sitio_coopebombas\/wp-json\/wp\/v2\/comments?post=1255"}],"version-history":[{"count":86,"href":"https:\/\/coopebombas.com\/nuevo_sitio_coopebombas\/wp-json\/wp\/v2\/pages\/1255\/revisions"}],"predecessor-version":[{"id":11532,"href":"https:\/\/coopebombas.com\/nuevo_sitio_coopebombas\/wp-json\/wp\/v2\/pages\/1255\/revisions\/11532"}],"wp:featuredmedia":[{"embeddable":true,"href":"https:\/\/coopebombas.com\/nuevo_sitio_coopebombas\/wp-json\/wp\/v2\/media\/7758"}],"wp:attachment":[{"href":"https:\/\/coopebombas.com\/nuevo_sitio_coopebombas\/wp-json\/wp\/v2\/media?parent=1255"}],"curies":[{"name":"wp","href":"https:\/\/api.w.org\/{rel}","templated":true}]}}