{"id":1151,"date":"2025-03-17T14:19:04","date_gmt":"2025-03-17T14:19:04","guid":{"rendered":"https:\/\/coopebombas.com\/nuevo_sitio_coopebombas\/?page_id=1151"},"modified":"2025-09-15T15:54:21","modified_gmt":"2025-09-15T15:54:21","slug":"planilla-de-viaje-ocasional","status":"publish","type":"page","link":"https:\/\/coopebombas.com\/nuevo_sitio_coopebombas\/planilla-de-viaje-ocasional\/","title":{"rendered":"Planilla de viaje ocasional"},"content":{"rendered":"\t\t<div data-elementor-type=\"wp-page\" data-elementor-id=\"1151\" class=\"elementor elementor-1151\" data-elementor-post-type=\"page\">\n\t\t\t\t<div class=\"elementor-element elementor-element-1ff331e e-flex e-con-boxed e-con e-parent\" data-id=\"1ff331e\" data-element_type=\"container\" data-e-type=\"container\" data-settings=\"{&quot;background_background&quot;:&quot;gradient&quot;,&quot;shape_divider_bottom&quot;:&quot;waves&quot;}\">\n\t\t\t\t\t<div class=\"e-con-inner\">\n\t\t\t\t<div class=\"elementor-shape elementor-shape-bottom\" aria-hidden=\"true\" data-negative=\"false\">\n\t\t\t<svg xmlns=\"http:\/\/www.w3.org\/2000\/svg\" viewBox=\"0 0 1000 100\" preserveAspectRatio=\"none\">\n\t<path class=\"elementor-shape-fill\" d=\"M421.9,6.5c22.6-2.5,51.5,0.4,75.5,5.3c23.6,4.9,70.9,23.5,100.5,35.7c75.8,32.2,133.7,44.5,192.6,49.7\n\tc23.6,2.1,48.7,3.5,103.4-2.5c54.7-6,106.2-25.6,106.2-25.6V0H0v30.3c0,0,72,32.6,158.4,30.5c39.2-0.7,92.8-6.7,134-22.4\n\tc21.2-8.1,52.2-18.2,79.7-24.2C399.3,7.9,411.6,7.5,421.9,6.5z\"\/>\n<\/svg>\t\t<\/div>\n\t\t\t\t<div class=\"elementor-element elementor-element-7215cd9 elementor-widget elementor-widget-heading\" data-id=\"7215cd9\" data-element_type=\"widget\" data-e-type=\"widget\" data-widget_type=\"heading.default\">\n\t\t\t\t<div class=\"elementor-widget-container\">\n\t\t\t\t\t<h2 class=\"elementor-heading-title elementor-size-default\">Planilla de viaje ocasional electr\u00f3nica<\/h2>\t\t\t\t<\/div>\n\t\t\t\t<\/div>\n\t\t\t\t\t<\/div>\n\t\t\t\t<\/div>\n\t\t<div class=\"elementor-element elementor-element-1a4e7248 e-flex e-con-boxed e-con e-parent\" data-id=\"1a4e7248\" data-element_type=\"container\" data-e-type=\"container\" data-settings=\"{&quot;background_background&quot;:&quot;classic&quot;}\">\n\t\t\t\t\t<div class=\"e-con-inner\">\n\t\t<div class=\"elementor-element elementor-element-6d9449e e-flex e-con-boxed e-con e-child\" data-id=\"6d9449e\" data-element_type=\"container\" data-e-type=\"container\">\n\t\t\t\t\t<div class=\"e-con-inner\">\n\t\t\t\t<div class=\"elementor-element elementor-element-129cc2f4 elementor-widget elementor-widget-heading\" data-id=\"129cc2f4\" data-element_type=\"widget\" data-e-type=\"widget\" data-widget_type=\"heading.default\">\n\t\t\t\t<div class=\"elementor-widget-container\">\n\t\t\t\t\t<h2 class=\"elementor-heading-title elementor-size-default\">C\u00f3mo tramitar la planilla de viaje ocasional electr\u00f3nica<\/h2>\t\t\t\t<\/div>\n\t\t\t\t<\/div>\n\t\t\t\t\t<\/div>\n\t\t\t\t<\/div>\n\t\t<div class=\"elementor-element elementor-element-708540a0 e-con-full e-flex e-con e-child\" data-id=\"708540a0\" data-element_type=\"container\" data-e-type=\"container\">\n\t\t<div class=\"elementor-element elementor-element-3e60f757 e-con-full e-flex e-con e-child\" data-id=\"3e60f757\" data-element_type=\"container\" data-e-type=\"container\">\n\t\t\t\t<div class=\"elementor-element elementor-element-4729a6a6 elementor-widget elementor-widget-heading\" data-id=\"4729a6a6\" data-element_type=\"widget\" data-e-type=\"widget\" data-widget_type=\"heading.default\">\n\t\t\t\t<div class=\"elementor-widget-container\">\n\t\t\t\t\t<h3 class=\"elementor-heading-title elementor-size-default\">Pasos para realizar el tr\u00e1mite:<\/h3>\t\t\t\t<\/div>\n\t\t\t\t<\/div>\n\t\t\t\t<div class=\"elementor-element elementor-element-6ce3b6a9 elementor-widget elementor-widget-text-editor\" data-id=\"6ce3b6a9\" data-element_type=\"widget\" data-e-type=\"widget\" data-widget_type=\"text-editor.default\">\n\t\t\t\t<div class=\"elementor-widget-container\">\n\t\t\t\t\t\t\t\t\t<p><strong>1.<\/strong>\u00a0El Conductor debe acercarse a Coopebombas y prepagar las planillas de viaje en el \u00e1rea de tr\u00e1mites \u2013 oficina 208 con el correo electr\u00f3nico activo.<br \/><strong>2.<\/strong>\u00a0El conductor puede hacer uso de m\u00e1ximo<strong> 12<\/strong>\u00a0planillas por veh\u00edculo al mes.<br \/><strong>3.<\/strong>\u00a0El Conductor solo puede activar las planillas hasta el momento de realizar el viaje.<\/p>\t\t\t\t\t\t\t\t<\/div>\n\t\t\t\t<\/div>\n\t\t\t\t<div class=\"elementor-element elementor-element-4492596 elementor-widget elementor-widget-image\" data-id=\"4492596\" data-element_type=\"widget\" data-e-type=\"widget\" data-widget_type=\"image.default\">\n\t\t\t\t<div class=\"elementor-widget-container\">\n\t\t\t\t\t\t\t\t\t\t\t\t\t\t\t<img fetchpriority=\"high\" decoding=\"async\" width=\"800\" height=\"534\" src=\"https:\/\/coopebombas.com\/nuevo_sitio_coopebombas\/wp-content\/uploads\/2025\/04\/IMG_7080-1-1024x683.jpg\" class=\"attachment-large size-large wp-image-6314\" alt=\"\" srcset=\"https:\/\/coopebombas.com\/nuevo_sitio_coopebombas\/wp-content\/uploads\/2025\/04\/IMG_7080-1-1024x683.jpg 1024w, https:\/\/coopebombas.com\/nuevo_sitio_coopebombas\/wp-content\/uploads\/2025\/04\/IMG_7080-1-300x200.jpg 300w, https:\/\/coopebombas.com\/nuevo_sitio_coopebombas\/wp-content\/uploads\/2025\/04\/IMG_7080-1-768x512.jpg 768w, https:\/\/coopebombas.com\/nuevo_sitio_coopebombas\/wp-content\/uploads\/2025\/04\/IMG_7080-1-1536x1024.jpg 1536w\" sizes=\"(max-width: 800px) 100vw, 800px\" \/>\t\t\t\t\t\t\t\t\t\t\t\t\t\t\t<\/div>\n\t\t\t\t<\/div>\n\t\t\t\t<\/div>\n\t\t<div class=\"elementor-element elementor-element-519f8022 e-con-full e-flex e-con e-child\" data-id=\"519f8022\" data-element_type=\"container\" data-e-type=\"container\">\n\t\t\t\t<div class=\"elementor-element elementor-element-5ae4d230 elementor-widget elementor-widget-heading\" data-id=\"5ae4d230\" data-element_type=\"widget\" data-e-type=\"widget\" data-widget_type=\"heading.default\">\n\t\t\t\t<div class=\"elementor-widget-container\">\n\t\t\t\t\t<h3 class=\"elementor-heading-title elementor-size-default\">Para habilitar la planilla de viaje:<\/h3>\t\t\t\t<\/div>\n\t\t\t\t<\/div>\n\t\t\t\t<div class=\"elementor-element elementor-element-611b278f elementor-widget elementor-widget-text-editor\" data-id=\"611b278f\" data-element_type=\"widget\" data-e-type=\"widget\" data-widget_type=\"text-editor.default\">\n\t\t\t\t<div class=\"elementor-widget-container\">\n\t\t\t\t\t\t\t\t\t<p>El conductor puede acercarse personalmente al \u00e1rea de tr\u00e1mites en Coopebombas o realizar el proceso v\u00eda telef\u00f3nica en el\u00a0<strong>604<\/strong>\u00a0<strong>322 90 12<\/strong> de lunes a domingo, las 24 horas del d\u00eda. Para tramitarla es necesario tener los siguientes datos sobre el viaje: lugar de origen y destino, fecha de inicio, nombre completo del contratante, n\u00famero de c\u00e9dula, direcci\u00f3n y tel\u00e9fono.<\/p><p><strong>Nota:<\/strong>\u00a0si realiza el tr\u00e1mite en Coopebombas se le entrega la planilla f\u00edsica y si lo hace de manera telef\u00f3nica se le env\u00eda al correo electr\u00f3nico.<\/p><p><strong>Importante:\u00a0<\/strong>el conductor debe contar con un correo electr\u00f3nico y estar inscrito ante el RUNT<\/p><p><strong>*Resoluci\u00f3n 2433 del 22 de junio de 2018, expedida por el Ministerio de Transporte.<\/strong><\/p>\t\t\t\t\t\t\t\t<\/div>\n\t\t\t\t<\/div>\n\t\t\t\t<\/div>\n\t\t\t\t<\/div>\n\t\t\t\t\t<\/div>\n\t\t\t\t<\/div>\n\t\t\t\t<\/div>\n\t\t","protected":false},"excerpt":{"rendered":"<p>Planilla de viaje ocasional electr\u00f3nica C\u00f3mo tramitar la planilla de viaje ocasional electr\u00f3nica Pasos para realizar el tr\u00e1mite: 1.\u00a0El Conductor debe acercarse a Coopebombas y prepagar las planillas de viaje en el \u00e1rea de tr\u00e1mites \u2013 oficina 208 con el correo electr\u00f3nico activo.2.\u00a0El conductor puede hacer uso de m\u00e1ximo 12\u00a0planillas por veh\u00edculo al mes.3.\u00a0El Conductor [&hellip;]<\/p>\n","protected":false},"author":1,"featured_media":0,"parent":0,"menu_order":0,"comment_status":"closed","ping_status":"closed","template":"elementor_header_footer","meta":{"footnotes":""},"class_list":["post-1151","page","type-page","status-publish","hentry"],"_links":{"self":[{"href":"https:\/\/coopebombas.com\/nuevo_sitio_coopebombas\/wp-json\/wp\/v2\/pages\/1151","targetHints":{"allow":["GET"]}}],"collection":[{"href":"https:\/\/coopebombas.com\/nuevo_sitio_coopebombas\/wp-json\/wp\/v2\/pages"}],"about":[{"href":"https:\/\/coopebombas.com\/nuevo_sitio_coopebombas\/wp-json\/wp\/v2\/types\/page"}],"author":[{"embeddable":true,"href":"https:\/\/coopebombas.com\/nuevo_sitio_coopebombas\/wp-json\/wp\/v2\/users\/1"}],"replies":[{"embeddable":true,"href":"https:\/\/coopebombas.com\/nuevo_sitio_coopebombas\/wp-json\/wp\/v2\/comments?post=1151"}],"version-history":[{"count":101,"href":"https:\/\/coopebombas.com\/nuevo_sitio_coopebombas\/wp-json\/wp\/v2\/pages\/1151\/revisions"}],"predecessor-version":[{"id":11790,"href":"https:\/\/coopebombas.com\/nuevo_sitio_coopebombas\/wp-json\/wp\/v2\/pages\/1151\/revisions\/11790"}],"wp:attachment":[{"href":"https:\/\/coopebombas.com\/nuevo_sitio_coopebombas\/wp-json\/wp\/v2\/media?parent=1151"}],"curies":[{"name":"wp","href":"https:\/\/api.w.org\/{rel}","templated":true}]}}