{"id":1137,"date":"2025-03-17T14:04:14","date_gmt":"2025-03-17T14:04:14","guid":{"rendered":"https:\/\/coopebombas.com\/nuevo_sitio_coopebombas\/?page_id=1137"},"modified":"2025-09-15T15:47:10","modified_gmt":"2025-09-15T15:47:10","slug":"capacitaciones","status":"publish","type":"page","link":"https:\/\/coopebombas.com\/nuevo_sitio_coopebombas\/capacitaciones\/","title":{"rendered":"Capacitaciones"},"content":{"rendered":"\t\t<div data-elementor-type=\"wp-page\" data-elementor-id=\"1137\" class=\"elementor elementor-1137\" data-elementor-post-type=\"page\">\n\t\t\t\t<div class=\"elementor-element elementor-element-409afc0 e-flex e-con-boxed e-con e-parent\" data-id=\"409afc0\" data-element_type=\"container\" data-e-type=\"container\" data-settings=\"{&quot;background_background&quot;:&quot;gradient&quot;,&quot;shape_divider_bottom&quot;:&quot;waves&quot;}\">\n\t\t\t\t\t<div class=\"e-con-inner\">\n\t\t\t\t<div class=\"elementor-shape elementor-shape-bottom\" aria-hidden=\"true\" data-negative=\"false\">\n\t\t\t<svg xmlns=\"http:\/\/www.w3.org\/2000\/svg\" viewBox=\"0 0 1000 100\" preserveAspectRatio=\"none\">\n\t<path class=\"elementor-shape-fill\" d=\"M421.9,6.5c22.6-2.5,51.5,0.4,75.5,5.3c23.6,4.9,70.9,23.5,100.5,35.7c75.8,32.2,133.7,44.5,192.6,49.7\n\tc23.6,2.1,48.7,3.5,103.4-2.5c54.7-6,106.2-25.6,106.2-25.6V0H0v30.3c0,0,72,32.6,158.4,30.5c39.2-0.7,92.8-6.7,134-22.4\n\tc21.2-8.1,52.2-18.2,79.7-24.2C399.3,7.9,411.6,7.5,421.9,6.5z\"\/>\n<\/svg>\t\t<\/div>\n\t\t\t\t<div class=\"elementor-element elementor-element-77b0276 elementor-widget elementor-widget-heading\" data-id=\"77b0276\" data-element_type=\"widget\" data-e-type=\"widget\" data-widget_type=\"heading.default\">\n\t\t\t\t<div class=\"elementor-widget-container\">\n\t\t\t\t\t<h2 class=\"elementor-heading-title elementor-size-default\">Capacitaciones<\/h2>\t\t\t\t<\/div>\n\t\t\t\t<\/div>\n\t\t\t\t\t<\/div>\n\t\t\t\t<\/div>\n\t\t<div class=\"elementor-element elementor-element-22eac205 e-flex e-con-boxed e-con e-parent\" data-id=\"22eac205\" data-element_type=\"container\" data-e-type=\"container\" id=\"about\" data-settings=\"{&quot;background_background&quot;:&quot;classic&quot;}\">\n\t\t\t\t\t<div class=\"e-con-inner\">\n\t\t<div class=\"elementor-element elementor-element-443accd e-con-full e-flex e-con e-child\" data-id=\"443accd\" data-element_type=\"container\" data-e-type=\"container\">\n\t\t\t\t<div class=\"elementor-element elementor-element-5857acbe elementor-widget elementor-widget-image\" data-id=\"5857acbe\" data-element_type=\"widget\" data-e-type=\"widget\" data-settings=\"{&quot;motion_fx_translateY_effect&quot;:&quot;yes&quot;,&quot;motion_fx_translateY_direction&quot;:&quot;negative&quot;,&quot;motion_fx_translateY_speed&quot;:{&quot;unit&quot;:&quot;px&quot;,&quot;size&quot;:&quot;1&quot;,&quot;sizes&quot;:[]},&quot;motion_fx_motion_fx_scrolling&quot;:&quot;yes&quot;,&quot;motion_fx_translateY_affectedRange&quot;:{&quot;unit&quot;:&quot;%&quot;,&quot;size&quot;:&quot;&quot;,&quot;sizes&quot;:{&quot;start&quot;:0,&quot;end&quot;:100}},&quot;motion_fx_devices&quot;:[&quot;desktop&quot;,&quot;tablet&quot;,&quot;mobile&quot;]}\" data-widget_type=\"image.default\">\n\t\t\t\t<div class=\"elementor-widget-container\">\n\t\t\t\t\t\t\t\t\t\t\t\t\t\t\t<img fetchpriority=\"high\" decoding=\"async\" width=\"1000\" height=\"667\" src=\"https:\/\/coopebombas.com\/nuevo_sitio_coopebombas\/wp-content\/uploads\/2025\/03\/shutterstock_2485563421.jpg\" class=\"attachment-full size-full wp-image-2111\" alt=\"\" srcset=\"https:\/\/coopebombas.com\/nuevo_sitio_coopebombas\/wp-content\/uploads\/2025\/03\/shutterstock_2485563421.jpg 1000w, https:\/\/coopebombas.com\/nuevo_sitio_coopebombas\/wp-content\/uploads\/2025\/03\/shutterstock_2485563421-300x200.jpg 300w, https:\/\/coopebombas.com\/nuevo_sitio_coopebombas\/wp-content\/uploads\/2025\/03\/shutterstock_2485563421-768x512.jpg 768w\" sizes=\"(max-width: 1000px) 100vw, 1000px\" \/>\t\t\t\t\t\t\t\t\t\t\t\t\t\t\t<\/div>\n\t\t\t\t<\/div>\n\t\t\t\t<\/div>\n\t\t<div class=\"elementor-element elementor-element-70c96aed e-con-full e-flex e-con e-child\" data-id=\"70c96aed\" data-element_type=\"container\" data-e-type=\"container\">\n\t\t\t\t<div class=\"elementor-element elementor-element-7b261119 elementor-widget elementor-widget-heading\" data-id=\"7b261119\" data-element_type=\"widget\" data-e-type=\"widget\" data-widget_type=\"heading.default\">\n\t\t\t\t<div class=\"elementor-widget-container\">\n\t\t\t\t\t<h2 class=\"elementor-heading-title elementor-size-default\">Capacitaciones<\/h2>\t\t\t\t<\/div>\n\t\t\t\t<\/div>\n\t\t\t\t<div class=\"elementor-element elementor-element-6119c88d elementor-widget elementor-widget-text-editor\" data-id=\"6119c88d\" data-element_type=\"widget\" data-e-type=\"widget\" data-widget_type=\"text-editor.default\">\n\t\t\t\t<div class=\"elementor-widget-container\">\n\t\t\t\t\t\t\t\t\t<p>Uno de nuestros pilares fundamentales es la Educaci\u00f3n, trabajamos en el ser y hacer de los conductores para que su desarrollo como personas y su rol como conductores sea ejemplar.<\/p><h4 data-tadv-p=\"keep\">Contamos con programas:<\/h4><ul><li>Inducci\u00f3n y capacitaci\u00f3n diaria<\/li><li>Certificaci\u00f3n en Competencias Laborales con el SENA<\/li><li>Primeros Auxilios con la Cruz Roja Colombiana<\/li><li>Curso de ingl\u00e9s<\/li><li>Seguridad y Salud en el Trabajo<\/li><li>Amabilidad y buen servicio<\/li><li>Charlas con enfoque de g\u00e9nero<\/li><li>Validaci\u00f3n de la primaria y el bachillerato<\/li><li>Relaciones humanas<\/li><li>Servicio al Cliente<\/li><li>Seguridad vial<\/li><li>Riesgo P\u00fablico<\/li><li>Manejo defensivo<\/li><li>Educaci\u00f3n financiera<\/li><li>Embajadores de marca<\/li><li>Chequeo preoperacional<\/li><\/ul><p>Entre otros de gran importancia. Consultar disponibilidad de los programas acad\u00e9micos.<\/p><div id=\"primary\" class=\"col-md-9\"><article class=\"page\"><div class=\"content\"><h3>Mayores informes:\u00a0<br \/><span style=\"color: inherit; font-family: inherit; font-size: 1.75rem;\">604 512 4243 ext. 190<\/span><\/h3><\/div><\/article><\/div>\t\t\t\t\t\t\t\t<\/div>\n\t\t\t\t<\/div>\n\t\t\t\t<div class=\"elementor-element elementor-element-50da0e8 elementor-widget elementor-widget-button\" data-id=\"50da0e8\" data-element_type=\"widget\" data-e-type=\"widget\" data-widget_type=\"button.default\">\n\t\t\t\t<div class=\"elementor-widget-container\">\n\t\t\t\t\t\t\t\t\t<div class=\"elementor-button-wrapper\">\n\t\t\t\t\t<a class=\"elementor-button elementor-button-link elementor-size-sm\" href=\"https:\/\/coopebombas.com\/nuevo_sitio_coopebombas\/wp-content\/uploads\/pdfs\/vinculados\/conductores\/capacitaciones\/capacitaciones_programa_induccion_y_capacitacion_conductores_coopebombas_2025.pdf\" target=\"_blank\">\n\t\t\t\t\t\t<span class=\"elementor-button-content-wrapper\">\n\t\t\t\t\t\t\t\t\t<span class=\"elementor-button-text\">Descargar manual<\/span>\n\t\t\t\t\t<\/span>\n\t\t\t\t\t<\/a>\n\t\t\t\t<\/div>\n\t\t\t\t\t\t\t\t<\/div>\n\t\t\t\t<\/div>\n\t\t\t\t<\/div>\n\t\t\t\t\t<\/div>\n\t\t\t\t<\/div>\n\t\t\t\t<\/div>\n\t\t","protected":false},"excerpt":{"rendered":"<p>Capacitaciones Capacitaciones Uno de nuestros pilares fundamentales es la Educaci\u00f3n, trabajamos en el ser y hacer de los conductores para que su desarrollo como personas y su rol como conductores sea ejemplar. Contamos con programas: Inducci\u00f3n y capacitaci\u00f3n diaria Certificaci\u00f3n en Competencias Laborales con el SENA Primeros Auxilios con la Cruz Roja Colombiana Curso de [&hellip;]<\/p>\n","protected":false},"author":1,"featured_media":0,"parent":0,"menu_order":0,"comment_status":"closed","ping_status":"closed","template":"elementor_header_footer","meta":{"footnotes":""},"class_list":["post-1137","page","type-page","status-publish","hentry"],"_links":{"self":[{"href":"https:\/\/coopebombas.com\/nuevo_sitio_coopebombas\/wp-json\/wp\/v2\/pages\/1137","targetHints":{"allow":["GET"]}}],"collection":[{"href":"https:\/\/coopebombas.com\/nuevo_sitio_coopebombas\/wp-json\/wp\/v2\/pages"}],"about":[{"href":"https:\/\/coopebombas.com\/nuevo_sitio_coopebombas\/wp-json\/wp\/v2\/types\/page"}],"author":[{"embeddable":true,"href":"https:\/\/coopebombas.com\/nuevo_sitio_coopebombas\/wp-json\/wp\/v2\/users\/1"}],"replies":[{"embeddable":true,"href":"https:\/\/coopebombas.com\/nuevo_sitio_coopebombas\/wp-json\/wp\/v2\/comments?post=1137"}],"version-history":[{"count":137,"href":"https:\/\/coopebombas.com\/nuevo_sitio_coopebombas\/wp-json\/wp\/v2\/pages\/1137\/revisions"}],"predecessor-version":[{"id":11787,"href":"https:\/\/coopebombas.com\/nuevo_sitio_coopebombas\/wp-json\/wp\/v2\/pages\/1137\/revisions\/11787"}],"wp:attachment":[{"href":"https:\/\/coopebombas.com\/nuevo_sitio_coopebombas\/wp-json\/wp\/v2\/media?parent=1137"}],"curies":[{"name":"wp","href":"https:\/\/api.w.org\/{rel}","templated":true}]}}