{"id":1005,"date":"2025-03-14T20:33:08","date_gmt":"2025-03-14T20:33:08","guid":{"rendered":"https:\/\/coopebombas.com\/nuevo_sitio_coopebombas\/?page_id=1005"},"modified":"2025-09-12T16:50:35","modified_gmt":"2025-09-12T16:50:35","slug":"transporte-empresarial-vale-corporativo","status":"publish","type":"page","link":"https:\/\/coopebombas.com\/nuevo_sitio_coopebombas\/transporte-empresarial-vale-corporativo\/","title":{"rendered":"Transporte empresarial &#8211; Vale corporativo"},"content":{"rendered":"\t\t<div data-elementor-type=\"wp-page\" data-elementor-id=\"1005\" class=\"elementor elementor-1005\" data-elementor-post-type=\"page\">\n\t\t\t\t<div class=\"elementor-element elementor-element-c1d3d41 e-flex e-con-boxed e-con e-parent\" data-id=\"c1d3d41\" data-element_type=\"container\" data-e-type=\"container\" data-settings=\"{&quot;background_background&quot;:&quot;gradient&quot;,&quot;shape_divider_bottom&quot;:&quot;waves&quot;}\">\n\t\t\t\t\t<div class=\"e-con-inner\">\n\t\t\t\t<div class=\"elementor-shape elementor-shape-bottom\" aria-hidden=\"true\" data-negative=\"false\">\n\t\t\t<svg xmlns=\"http:\/\/www.w3.org\/2000\/svg\" viewBox=\"0 0 1000 100\" preserveAspectRatio=\"none\">\n\t<path class=\"elementor-shape-fill\" d=\"M421.9,6.5c22.6-2.5,51.5,0.4,75.5,5.3c23.6,4.9,70.9,23.5,100.5,35.7c75.8,32.2,133.7,44.5,192.6,49.7\n\tc23.6,2.1,48.7,3.5,103.4-2.5c54.7-6,106.2-25.6,106.2-25.6V0H0v30.3c0,0,72,32.6,158.4,30.5c39.2-0.7,92.8-6.7,134-22.4\n\tc21.2-8.1,52.2-18.2,79.7-24.2C399.3,7.9,411.6,7.5,421.9,6.5z\"\/>\n<\/svg>\t\t<\/div>\n\t\t\t\t<div class=\"elementor-element elementor-element-eff4c45 elementor-widget elementor-widget-heading\" data-id=\"eff4c45\" data-element_type=\"widget\" data-e-type=\"widget\" data-widget_type=\"heading.default\">\n\t\t\t\t<div class=\"elementor-widget-container\">\n\t\t\t\t\t<h2 class=\"elementor-heading-title elementor-size-default\">Transporte empresarial<\/h2>\t\t\t\t<\/div>\n\t\t\t\t<\/div>\n\t\t\t\t\t<\/div>\n\t\t\t\t<\/div>\n\t\t<div class=\"elementor-element elementor-element-7c15621 e-flex e-con-boxed e-con e-parent\" data-id=\"7c15621\" data-element_type=\"container\" data-e-type=\"container\">\n\t\t\t\t\t<div class=\"e-con-inner\">\n\t\t<div class=\"elementor-element elementor-element-70b36d0 e-con-full e-flex e-con e-child\" data-id=\"70b36d0\" data-element_type=\"container\" data-e-type=\"container\">\n\t\t\t\t<div class=\"elementor-element elementor-element-4b6a2c3 elementor-widget elementor-widget-heading\" data-id=\"4b6a2c3\" data-element_type=\"widget\" data-e-type=\"widget\" data-widget_type=\"heading.default\">\n\t\t\t\t<div class=\"elementor-widget-container\">\n\t\t\t\t\t<h2 class=\"elementor-heading-title elementor-size-default\">Servicio para empresas por vale corporativo<\/h2>\t\t\t\t<\/div>\n\t\t\t\t<\/div>\n\t\t\t\t<div class=\"elementor-element elementor-element-f0596f8 elementor-widget elementor-widget-text-editor\" data-id=\"f0596f8\" data-element_type=\"widget\" data-e-type=\"widget\" data-widget_type=\"text-editor.default\">\n\t\t\t\t<div class=\"elementor-widget-container\">\n\t\t\t\t\t\t\t\t\t<p style=\"text-align: left;\">Prestamos el servicio de Transporte Empresarial en la modalidad de Vale Corporativo a m\u00e1s 370 importantes y exclusivas empresas de nuestra ciudad. Contamos con una <b>plataforma web\u00a0<\/b>que permite a las empresas realizar controles y seguimientos las 24\/7\u00a0 con seguridad, agilidad y confiabilidad de los servicios solicitados, as\u00ed como la verificaci\u00f3n de indicadores de gesti\u00f3n en la prestaci\u00f3n del servicio.<\/p>\t\t\t\t\t\t\t\t<\/div>\n\t\t\t\t<\/div>\n\t\t\t\t<\/div>\n\t\t<div class=\"elementor-element elementor-element-f64373a e-con-full e-flex e-con e-child\" data-id=\"f64373a\" data-element_type=\"container\" data-e-type=\"container\">\n\t\t\t\t<div class=\"elementor-element elementor-element-9c129d4 elementor-widget elementor-widget-image\" data-id=\"9c129d4\" data-element_type=\"widget\" data-e-type=\"widget\" data-widget_type=\"image.default\">\n\t\t\t\t<div class=\"elementor-widget-container\">\n\t\t\t\t\t\t\t\t\t\t\t\t\t\t\t<img fetchpriority=\"high\" decoding=\"async\" width=\"800\" height=\"450\" src=\"https:\/\/coopebombas.com\/nuevo_sitio_coopebombas\/wp-content\/uploads\/2025\/04\/vale-1-1024x576.jpg\" class=\"attachment-large size-large wp-image-6859\" alt=\"\" srcset=\"https:\/\/coopebombas.com\/nuevo_sitio_coopebombas\/wp-content\/uploads\/2025\/04\/vale-1-1024x576.jpg 1024w, https:\/\/coopebombas.com\/nuevo_sitio_coopebombas\/wp-content\/uploads\/2025\/04\/vale-1-300x169.jpg 300w, https:\/\/coopebombas.com\/nuevo_sitio_coopebombas\/wp-content\/uploads\/2025\/04\/vale-1-768x432.jpg 768w, https:\/\/coopebombas.com\/nuevo_sitio_coopebombas\/wp-content\/uploads\/2025\/04\/vale-1-1536x864.jpg 1536w, https:\/\/coopebombas.com\/nuevo_sitio_coopebombas\/wp-content\/uploads\/2025\/04\/vale-1.jpg 1920w\" sizes=\"(max-width: 800px) 100vw, 800px\" \/>\t\t\t\t\t\t\t\t\t\t\t\t\t\t\t<\/div>\n\t\t\t\t<\/div>\n\t\t\t\t<\/div>\n\t\t\t\t\t<\/div>\n\t\t\t\t<\/div>\n\t\t<div class=\"elementor-element elementor-element-f289c2d e-grid e-con-boxed e-con e-parent\" data-id=\"f289c2d\" data-element_type=\"container\" data-e-type=\"container\">\n\t\t\t\t\t<div class=\"e-con-inner\">\n\t\t\t\t<div class=\"elementor-element elementor-element-cfe95d6 elementor-widget-tablet__width-inherit elementor-widget elementor-widget-toggle\" data-id=\"cfe95d6\" data-element_type=\"widget\" data-e-type=\"widget\" data-widget_type=\"toggle.default\">\n\t\t\t\t<div class=\"elementor-widget-container\">\n\t\t\t\t\t\t\t<div class=\"elementor-toggle\">\n\t\t\t\t\t\t\t<div class=\"elementor-toggle-item\">\n\t\t\t\t\t<div id=\"elementor-tab-title-2181\" class=\"elementor-tab-title\" data-tab=\"1\" role=\"button\" aria-controls=\"elementor-tab-content-2181\" aria-expanded=\"false\">\n\t\t\t\t\t\t\t\t\t\t\t\t<span class=\"elementor-toggle-icon elementor-toggle-icon-right\" aria-hidden=\"true\">\n\t\t\t\t\t\t\t\t\t\t\t\t\t\t\t<span class=\"elementor-toggle-icon-closed\"><svg class=\"e-font-icon-svg e-fas-arrow-down\" viewBox=\"0 0 448 512\" xmlns=\"http:\/\/www.w3.org\/2000\/svg\"><path d=\"M413.1 222.5l22.2 22.2c9.4 9.4 9.4 24.6 0 33.9L241 473c-9.4 9.4-24.6 9.4-33.9 0L12.7 278.6c-9.4-9.4-9.4-24.6 0-33.9l22.2-22.2c9.5-9.5 25-9.3 34.3.4L184 343.4V56c0-13.3 10.7-24 24-24h32c13.3 0 24 10.7 24 24v287.4l114.8-120.5c9.3-9.8 24.8-10 34.3-.4z\"><\/path><\/svg><\/span>\n\t\t\t\t\t\t\t\t<span class=\"elementor-toggle-icon-opened\"><svg class=\"elementor-toggle-icon-opened e-font-icon-svg e-fas-arrow-up\" viewBox=\"0 0 448 512\" xmlns=\"http:\/\/www.w3.org\/2000\/svg\"><path d=\"M34.9 289.5l-22.2-22.2c-9.4-9.4-9.4-24.6 0-33.9L207 39c9.4-9.4 24.6-9.4 33.9 0l194.3 194.3c9.4 9.4 9.4 24.6 0 33.9L413 289.4c-9.5 9.5-25 9.3-34.3-.4L264 168.6V456c0 13.3-10.7 24-24 24h-32c-13.3 0-24-10.7-24-24V168.6L69.2 289.1c-9.3 9.8-24.8 10-34.3.4z\"><\/path><\/svg><\/span>\n\t\t\t\t\t\t\t\t\t\t\t\t\t<\/span>\n\t\t\t\t\t\t\t\t\t\t\t\t<a class=\"elementor-toggle-title\" tabindex=\"0\">En las funciones tenemos<\/a>\n\t\t\t\t\t<\/div>\n\n\t\t\t\t\t<div id=\"elementor-tab-content-2181\" class=\"elementor-tab-content elementor-clearfix\" data-tab=\"1\" role=\"region\" aria-labelledby=\"elementor-tab-title-2181\"><ul><li data-tadv-p=\"keep\">Controlar los gastos de transporte.<\/li><li data-tadv-p=\"keep\">Informe de los servicios facturados.<\/li><li data-tadv-p=\"keep\">Tarifa estimada del servicio.<\/li><li data-tadv-p=\"keep\">Visualizar origen y destino de los funcionarios en tiempo real.<\/li><li data-tadv-p=\"keep\">Administraci\u00f3n eficiente de los recursos.<\/li><\/ul><\/div>\n\t\t\t\t<\/div>\n\t\t\t\t\t\t\t<div class=\"elementor-toggle-item\">\n\t\t\t\t\t<div id=\"elementor-tab-title-2182\" class=\"elementor-tab-title\" data-tab=\"2\" role=\"button\" aria-controls=\"elementor-tab-content-2182\" aria-expanded=\"false\">\n\t\t\t\t\t\t\t\t\t\t\t\t<span class=\"elementor-toggle-icon elementor-toggle-icon-right\" aria-hidden=\"true\">\n\t\t\t\t\t\t\t\t\t\t\t\t\t\t\t<span class=\"elementor-toggle-icon-closed\"><svg class=\"e-font-icon-svg e-fas-arrow-down\" viewBox=\"0 0 448 512\" xmlns=\"http:\/\/www.w3.org\/2000\/svg\"><path d=\"M413.1 222.5l22.2 22.2c9.4 9.4 9.4 24.6 0 33.9L241 473c-9.4 9.4-24.6 9.4-33.9 0L12.7 278.6c-9.4-9.4-9.4-24.6 0-33.9l22.2-22.2c9.5-9.5 25-9.3 34.3.4L184 343.4V56c0-13.3 10.7-24 24-24h32c13.3 0 24 10.7 24 24v287.4l114.8-120.5c9.3-9.8 24.8-10 34.3-.4z\"><\/path><\/svg><\/span>\n\t\t\t\t\t\t\t\t<span class=\"elementor-toggle-icon-opened\"><svg class=\"elementor-toggle-icon-opened e-font-icon-svg e-fas-arrow-up\" viewBox=\"0 0 448 512\" xmlns=\"http:\/\/www.w3.org\/2000\/svg\"><path d=\"M34.9 289.5l-22.2-22.2c-9.4-9.4-9.4-24.6 0-33.9L207 39c9.4-9.4 24.6-9.4 33.9 0l194.3 194.3c9.4 9.4 9.4 24.6 0 33.9L413 289.4c-9.5 9.5-25 9.3-34.3-.4L264 168.6V456c0 13.3-10.7 24-24 24h-32c-13.3 0-24-10.7-24-24V168.6L69.2 289.1c-9.3 9.8-24.8 10-34.3.4z\"><\/path><\/svg><\/span>\n\t\t\t\t\t\t\t\t\t\t\t\t\t<\/span>\n\t\t\t\t\t\t\t\t\t\t\t\t<a class=\"elementor-toggle-title\" tabindex=\"0\">Modalidad de vales<\/a>\n\t\t\t\t\t<\/div>\n\n\t\t\t\t\t<div id=\"elementor-tab-content-2182\" class=\"elementor-tab-content elementor-clearfix\" data-tab=\"2\" role=\"region\" aria-labelledby=\"elementor-tab-title-2182\"><ul><li data-tadv-p=\"keep\">Vale F\u00edsico<\/li><li data-tadv-p=\"keep\">Vale Electr\u00f3nico<\/li><li data-tadv-p=\"keep\">Vale H\u00edbrido<\/li><li data-tadv-p=\"keep\">Vale por Mensaje de Texto<\/li><li data-tadv-p=\"keep\">Vale con C\u00f3digo \u00danico<\/li><\/ul><\/div>\n\t\t\t\t<\/div>\n\t\t\t\t\t\t\t\t<\/div>\n\t\t\t\t\t\t<\/div>\n\t\t\t\t<\/div>\n\t\t\t\t<div class=\"elementor-element elementor-element-5851542 elementor-widget-tablet__width-inherit elementor-widget elementor-widget-toggle\" data-id=\"5851542\" data-element_type=\"widget\" data-e-type=\"widget\" data-widget_type=\"toggle.default\">\n\t\t\t\t<div class=\"elementor-widget-container\">\n\t\t\t\t\t\t\t<div class=\"elementor-toggle\">\n\t\t\t\t\t\t\t<div class=\"elementor-toggle-item\">\n\t\t\t\t\t<div id=\"elementor-tab-title-9261\" class=\"elementor-tab-title\" data-tab=\"1\" role=\"button\" aria-controls=\"elementor-tab-content-9261\" aria-expanded=\"false\">\n\t\t\t\t\t\t\t\t\t\t\t\t<span class=\"elementor-toggle-icon elementor-toggle-icon-right\" aria-hidden=\"true\">\n\t\t\t\t\t\t\t\t\t\t\t\t\t\t\t<span class=\"elementor-toggle-icon-closed\"><svg class=\"e-font-icon-svg e-fas-arrow-down\" viewBox=\"0 0 448 512\" xmlns=\"http:\/\/www.w3.org\/2000\/svg\"><path d=\"M413.1 222.5l22.2 22.2c9.4 9.4 9.4 24.6 0 33.9L241 473c-9.4 9.4-24.6 9.4-33.9 0L12.7 278.6c-9.4-9.4-9.4-24.6 0-33.9l22.2-22.2c9.5-9.5 25-9.3 34.3.4L184 343.4V56c0-13.3 10.7-24 24-24h32c13.3 0 24 10.7 24 24v287.4l114.8-120.5c9.3-9.8 24.8-10 34.3-.4z\"><\/path><\/svg><\/span>\n\t\t\t\t\t\t\t\t<span class=\"elementor-toggle-icon-opened\"><svg class=\"elementor-toggle-icon-opened e-font-icon-svg e-fas-arrow-up\" viewBox=\"0 0 448 512\" xmlns=\"http:\/\/www.w3.org\/2000\/svg\"><path d=\"M34.9 289.5l-22.2-22.2c-9.4-9.4-9.4-24.6 0-33.9L207 39c9.4-9.4 24.6-9.4 33.9 0l194.3 194.3c9.4 9.4 9.4 24.6 0 33.9L413 289.4c-9.5 9.5-25 9.3-34.3-.4L264 168.6V456c0 13.3-10.7 24-24 24h-32c-13.3 0-24-10.7-24-24V168.6L69.2 289.1c-9.3 9.8-24.8 10-34.3.4z\"><\/path><\/svg><\/span>\n\t\t\t\t\t\t\t\t\t\t\t\t\t<\/span>\n\t\t\t\t\t\t\t\t\t\t\t\t<a class=\"elementor-toggle-title\" tabindex=\"0\">Beneficios<\/a>\n\t\t\t\t\t<\/div>\n\n\t\t\t\t\t<div id=\"elementor-tab-content-9261\" class=\"elementor-tab-content elementor-clearfix\" data-tab=\"1\" role=\"region\" aria-labelledby=\"elementor-tab-title-9261\"><ul><li>Los veh\u00edculos que prestan el servicio son ubicados y asignados mediante\u00a0 algoritmos y procesos automatizados, permitiendo a las empresas visualizar origen y destino de los colaboradores.<\/li><li>Asignaci\u00f3n de Ejecutivo de Cuenta para el manejo comercial.<\/li><li>Capacitaci\u00f3n para todos sus colaboradores en cuanto al portal Cliente Vale y la App Coopebombas.<\/li><li>Capacitaci\u00f3n sobre el uso del vale f\u00edsico, electr\u00f3nico, h\u00edbrido y por Mensaje de Texto.<\/li><li>Centro de Servicios para Clientes 24 horas al d\u00eda, los 7 d\u00edas de la semana, los 365 d\u00edas al a\u00f1o.<\/li><li>Servicio de reserva a municipios (Planilla de Viaje Ocasional Electr\u00f3nica), aeropuerto, servicio por hora, horas pico, entre otros.<\/li><\/ul><\/div>\n\t\t\t\t<\/div>\n\t\t\t\t\t\t\t<div class=\"elementor-toggle-item\">\n\t\t\t\t\t<div id=\"elementor-tab-title-9262\" class=\"elementor-tab-title\" data-tab=\"2\" role=\"button\" aria-controls=\"elementor-tab-content-9262\" aria-expanded=\"false\">\n\t\t\t\t\t\t\t\t\t\t\t\t<span class=\"elementor-toggle-icon elementor-toggle-icon-right\" aria-hidden=\"true\">\n\t\t\t\t\t\t\t\t\t\t\t\t\t\t\t<span class=\"elementor-toggle-icon-closed\"><svg class=\"e-font-icon-svg e-fas-arrow-down\" viewBox=\"0 0 448 512\" xmlns=\"http:\/\/www.w3.org\/2000\/svg\"><path d=\"M413.1 222.5l22.2 22.2c9.4 9.4 9.4 24.6 0 33.9L241 473c-9.4 9.4-24.6 9.4-33.9 0L12.7 278.6c-9.4-9.4-9.4-24.6 0-33.9l22.2-22.2c9.5-9.5 25-9.3 34.3.4L184 343.4V56c0-13.3 10.7-24 24-24h32c13.3 0 24 10.7 24 24v287.4l114.8-120.5c9.3-9.8 24.8-10 34.3-.4z\"><\/path><\/svg><\/span>\n\t\t\t\t\t\t\t\t<span class=\"elementor-toggle-icon-opened\"><svg class=\"elementor-toggle-icon-opened e-font-icon-svg e-fas-arrow-up\" viewBox=\"0 0 448 512\" xmlns=\"http:\/\/www.w3.org\/2000\/svg\"><path d=\"M34.9 289.5l-22.2-22.2c-9.4-9.4-9.4-24.6 0-33.9L207 39c9.4-9.4 24.6-9.4 33.9 0l194.3 194.3c9.4 9.4 9.4 24.6 0 33.9L413 289.4c-9.5 9.5-25 9.3-34.3-.4L264 168.6V456c0 13.3-10.7 24-24 24h-32c-13.3 0-24-10.7-24-24V168.6L69.2 289.1c-9.3 9.8-24.8 10-34.3.4z\"><\/path><\/svg><\/span>\n\t\t\t\t\t\t\t\t\t\t\t\t\t<\/span>\n\t\t\t\t\t\t\t\t\t\t\t\t<a class=\"elementor-toggle-title\" tabindex=\"0\">\u00bfPor qu\u00e9 elegirnos?<\/a>\n\t\t\t\t\t<\/div>\n\n\t\t\t\t\t<div id=\"elementor-tab-content-9262\" class=\"elementor-tab-content elementor-clearfix\" data-tab=\"2\" role=\"region\" aria-labelledby=\"elementor-tab-title-9262\"><ul><li data-tadv-p=\"keep\">Somos la empresa l\u00edder del servicio de Transporte p\u00fablico tipo Taxi con m\u00e1s de 85 a\u00f1os de trayectoria y 8.000 taxis registrados que representan el 45% del parque automotor de la ciudad.<\/li><li data-tadv-p=\"keep\">Nuestros conductores est\u00e1n previamente identificados y registrados en la empresa para mayor seguridad.<\/li><li data-tadv-p=\"keep\">Los usuarios est\u00e1n cubiertos totalmente por p\u00f3lizas de seguros<\/li><li data-tadv-p=\"keep\">Realizamos capacitaciones permanentes en: seguridad vial y riesgo p\u00fablico, servicio al cliente, relaciones humanas, certificaci\u00f3n en Competencias Laborales por el SENA, primero Auxilios con la Cruz Roja Colombiana, entre otras.<\/li><li data-tadv-p=\"keep\">Somos una empresa que est\u00e1 a la vanguardia de los \u00faltimos desarrollos en innovaci\u00f3n y tecnolog\u00eda para ofrecer servicios diversificados, integrales y eficientes.<\/li><\/ul><\/div>\n\t\t\t\t<\/div>\n\t\t\t\t\t\t\t\t<\/div>\n\t\t\t\t\t\t<\/div>\n\t\t\t\t<\/div>\n\t\t\t\t\t<\/div>\n\t\t\t\t<\/div>\n\t\t<div class=\"elementor-element elementor-element-efef851 e-flex e-con-boxed e-con e-parent\" data-id=\"efef851\" data-element_type=\"container\" data-e-type=\"container\">\n\t\t\t\t\t<div class=\"e-con-inner\">\n\t\t\t\t<div class=\"elementor-element elementor-element-69ff8af elementor-widget elementor-widget-text-editor\" data-id=\"69ff8af\" data-element_type=\"widget\" data-e-type=\"widget\" data-widget_type=\"text-editor.default\">\n\t\t\t\t<div class=\"elementor-widget-container\">\n\t\t\t\t\t\t\t\t\t<p style=\"text-align: left;\">Cont\u00e1ctanos y recibe una visita para ampliar esta informaci\u00f3n \u2013 L\u00edneas: <strong>604 512 4243\u00a0<\/strong> Ext. 103, 109, 123, 125 y 158 o escr\u00edbenos:\u00a0<br \/><a href=\"mailto:info@coopebombas.com\"><strong>info@coopebombas.com<\/strong><\/a>\u00a0<br \/>\u00a1En Coopebombas estamos para ti!<\/p>\t\t\t\t\t\t\t\t<\/div>\n\t\t\t\t<\/div>\n\t\t\t\t\t<\/div>\n\t\t\t\t<\/div>\n\t\t\t\t<\/div>\n\t\t","protected":false},"excerpt":{"rendered":"<p>Transporte empresarial Servicio para empresas por vale corporativo Prestamos el servicio de Transporte Empresarial en la modalidad de Vale Corporativo a m\u00e1s 370 importantes y exclusivas empresas de nuestra ciudad. Contamos con una plataforma web\u00a0que permite a las empresas realizar controles y seguimientos las 24\/7\u00a0 con seguridad, agilidad y confiabilidad de los servicios solicitados, as\u00ed [&hellip;]<\/p>\n","protected":false},"author":1,"featured_media":7770,"parent":0,"menu_order":0,"comment_status":"closed","ping_status":"closed","template":"elementor_header_footer","meta":{"footnotes":""},"class_list":["post-1005","page","type-page","status-publish","has-post-thumbnail","hentry"],"_links":{"self":[{"href":"https:\/\/coopebombas.com\/nuevo_sitio_coopebombas\/wp-json\/wp\/v2\/pages\/1005","targetHints":{"allow":["GET"]}}],"collection":[{"href":"https:\/\/coopebombas.com\/nuevo_sitio_coopebombas\/wp-json\/wp\/v2\/pages"}],"about":[{"href":"https:\/\/coopebombas.com\/nuevo_sitio_coopebombas\/wp-json\/wp\/v2\/types\/page"}],"author":[{"embeddable":true,"href":"https:\/\/coopebombas.com\/nuevo_sitio_coopebombas\/wp-json\/wp\/v2\/users\/1"}],"replies":[{"embeddable":true,"href":"https:\/\/coopebombas.com\/nuevo_sitio_coopebombas\/wp-json\/wp\/v2\/comments?post=1005"}],"version-history":[{"count":303,"href":"https:\/\/coopebombas.com\/nuevo_sitio_coopebombas\/wp-json\/wp\/v2\/pages\/1005\/revisions"}],"predecessor-version":[{"id":11683,"href":"https:\/\/coopebombas.com\/nuevo_sitio_coopebombas\/wp-json\/wp\/v2\/pages\/1005\/revisions\/11683"}],"wp:featuredmedia":[{"embeddable":true,"href":"https:\/\/coopebombas.com\/nuevo_sitio_coopebombas\/wp-json\/wp\/v2\/media\/7770"}],"wp:attachment":[{"href":"https:\/\/coopebombas.com\/nuevo_sitio_coopebombas\/wp-json\/wp\/v2\/media?parent=1005"}],"curies":[{"name":"wp","href":"https:\/\/api.w.org\/{rel}","templated":true}]}}